{"id":102,"date":"2020-06-23T22:01:49","date_gmt":"2020-06-23T20:01:49","guid":{"rendered":"http:\/\/proxcycle.fr\/?page_id=102"},"modified":"2020-08-31T16:49:28","modified_gmt":"2020-08-31T14:49:28","slug":"mentions-legales","status":"publish","type":"page","link":"https:\/\/proxcycle.fr\/index.php\/mentions-legales\/","title":{"rendered":"Mentions l\u00e9gales"},"content":{"rendered":"<div class=\"vce-row-container\"><div class=\"vce-row vce-row--col-gap-15 vce-row-columns--top vce-row-content--top\" data-vce-full-width=\"true\" id=\"el-45513e62\" data-vce-do-apply=\"all el-45513e62\"><div class=\"vce-content-background-container\"><\/div><div class=\"vce-row-content\" data-vce-element-content=\"true\" style=\"padding-left: 24px; padding-right: 24px;\"><div class=\"vce-col vce-col--md-auto vce-col--xs-1 vce-col--xs-last vce-col--xs-first vce-col--sm-last vce-col--sm-first vce-col--md-last vce-col--lg-last vce-col--xl-last vce-col--md-first vce-col--lg-first vce-col--xl-first\" id=\"el-9a8c9792\"><div class=\"vce-col-inner\" data-vce-do-apply=\"border margin background  el-9a8c9792\"><div class=\"vce-col-content\" data-vce-element-content=\"true\" data-vce-do-apply=\"padding el-9a8c9792\"><div class=\"vce-text-block\"><div class=\"vce-text-block-wrapper vce\" id=\"el-c6af3b3d\" data-vce-do-apply=\"all el-c6af3b3d\"><p style=\"text-align: center;\"><span style=\"font-family: 'Open Sans'; font-size: 14pt; font-weight: 400; font-style: normal; color: #212121;\">MENTIONS L<\/span><span style=\"font-family: 'Open Sans'; font-size: 14pt; font-weight: 400; font-style: normal; color: #212121;\"><span style=\"font-family: 'Open Sans'; font-size: 16pt; font-weight: 400; font-style: normal; color: #212121;\"><span style=\"vertical-align: inherit;\"><span style=\"vertical-align: inherit;\"><span style=\"vertical-align: inherit;\"><span style=\"vertical-align: inherit;\"><span style=\"vertical-align: inherit;\"><span style=\"vertical-align: inherit;\"><span style=\"vertical-align: inherit;\"><span style=\"vertical-align: inherit;\"><span style=\"vertical-align: inherit;\"><span style=\"vertical-align: inherit;\"><span style=\"vertical-align: inherit;\"><span style=\"vertical-align: inherit;\"><span style=\"font-family: 'Open Sans'; font-size: 14pt; font-weight: 400; font-style: normal; color: #212121;\">\u00c9<\/span><\/span><\/span><\/span><\/span><\/span><\/span><\/span><\/span><\/span><\/span><\/span><\/span><\/span><\/span><span style=\"font-family: 'Open Sans'; font-size: 14pt; font-weight: 400; font-style: normal; color: #212121;\">GALES PROX'CYCLE<br><\/span><\/p><p><span style=\"font-family: 'Open Sans'; font-size: 10pt;\">Nom et pr\u00e9nom : Le Berre Souchet Eric<\/span><\/p><p><span style=\"font-family: 'Open Sans'; font-size: 10pt;\">Adresse de domicile : 20 impasse des pommiers, 35140 Saint Aubin du Cormier<\/span><\/p><p><span style=\"font-family: 'Open Sans'; font-size: 10pt;\">Num\u00e9ro de t\u00e9l\u00e9phone : 0622318892<\/span><\/p><p><span style=\"font-family: 'Open Sans'; font-size: 10pt;\">Email : contact(at)proxcycle.fr<\/span><\/p><p><span style=\"font-family: 'Open Sans'; font-size: 10pt;\">Directeur de la publication : Le Berre Souchet Eric<\/span><\/p><p><span style=\"font-family: 'Open Sans'; font-size: 13.3333px; letter-spacing: 0.16px;\">Num\u00e9ro SIRET : 88479267200013<br><\/span><\/p><p><span style=\"font-family: 'Open Sans'; font-size: 10pt;\">H\u00e9bergeur du site : OVH- 2 rue Kellermann, 59100 Roubaix - France<\/span><\/p><\/div><\/div><\/div><\/div><\/div><\/div><\/div><\/div>\n","protected":false},"excerpt":{"rendered":"<p>MENTIONS L\u00c9GALES PROX&#8217;CYCLENom et pr\u00e9nom : Le Berre Souchet EricAdresse de domicile : 20 impasse des pommiers, 35140 Saint Aubin du CormierNum\u00e9ro de t\u00e9l\u00e9phone : 0622318892Email : contact(at)proxcycle.frDirecteur de la publication : Le Berre Souchet EricNum\u00e9ro SIRET : 88479267200013H\u00e9bergeur du site : OVH- 2 rue Kellermann, 59100 Roubaix &#8211; France<\/p>\n","protected":false},"author":2,"featured_media":0,"parent":0,"menu_order":0,"comment_status":"closed","ping_status":"closed","template":"","meta":[],"yoast_head":"<!-- This site is optimized with the Yoast SEO plugin v14.8.1 - https:\/\/yoast.com\/wordpress\/plugins\/seo\/ -->\n<title>Proxcycle - Mentions l\u00e9gales<\/title>\n<meta name=\"description\" content=\"R\u00e9paration et entretien de cycles sur le lieu de votre choix dans un rayon de 40km autour de St Aubin du Cormier. Profitez du confort du service \u00e0 domicile.\" \/>\n<meta name=\"robots\" content=\"index, follow\" \/>\n<meta name=\"googlebot\" content=\"index, follow, max-snippet:-1, max-image-preview:large, max-video-preview:-1\" \/>\n<meta name=\"bingbot\" content=\"index, follow, max-snippet:-1, max-image-preview:large, max-video-preview:-1\" \/>\n<link rel=\"canonical\" href=\"http:\/\/proxcycle.fr\/index.php\/mentions-legales\/\" \/>\n<meta property=\"og:locale\" content=\"en_US\" \/>\n<meta property=\"og:type\" content=\"article\" \/>\n<meta property=\"og:title\" content=\"Proxcycle - Mentions l\u00e9gales\" \/>\n<meta property=\"og:description\" content=\"R\u00e9paration et entretien de cycles sur le lieu de votre choix dans un rayon de 40km autour de St Aubin du Cormier. Profitez du confort du service \u00e0 domicile.\" \/>\n<meta property=\"og:url\" content=\"http:\/\/proxcycle.fr\/index.php\/mentions-legales\/\" \/>\n<meta property=\"og:site_name\" content=\"Proxcycle\" \/>\n<meta property=\"article:publisher\" content=\"https:\/\/www.facebook.com\/Proxcycle-105755861198353\" \/>\n<meta property=\"article:modified_time\" content=\"2020-08-31T14:49:28+00:00\" \/>\n<meta name=\"twitter:card\" content=\"summary_large_image\" \/>\n<script type=\"application\/ld+json\" class=\"yoast-schema-graph\">{\"@context\":\"https:\/\/schema.org\",\"@graph\":[{\"@type\":\"Organization\",\"@id\":\"https:\/\/proxcycle.fr\/#organization\",\"name\":\"Prox'cycle\",\"url\":\"https:\/\/proxcycle.fr\/\",\"sameAs\":[\"https:\/\/www.facebook.com\/Proxcycle-105755861198353\"],\"logo\":{\"@type\":\"ImageObject\",\"@id\":\"https:\/\/proxcycle.fr\/#logo\",\"inLanguage\":\"en-US\",\"url\":\"https:\/\/proxcycle.fr\/wp-content\/uploads\/2020\/05\/logo_gris.png\",\"width\":1418,\"height\":995,\"caption\":\"Prox'cycle\"},\"image\":{\"@id\":\"https:\/\/proxcycle.fr\/#logo\"}},{\"@type\":\"WebSite\",\"@id\":\"https:\/\/proxcycle.fr\/#website\",\"url\":\"https:\/\/proxcycle.fr\/\",\"name\":\"Proxcycle\",\"description\":\"Entretien et r\\u00e9paration de v\\u00e9lo \\u00e0 domicile\",\"publisher\":{\"@id\":\"https:\/\/proxcycle.fr\/#organization\"},\"potentialAction\":[{\"@type\":\"SearchAction\",\"target\":\"https:\/\/proxcycle.fr\/?s={search_term_string}\",\"query-input\":\"required name=search_term_string\"}],\"inLanguage\":\"en-US\"},{\"@type\":\"WebPage\",\"@id\":\"http:\/\/proxcycle.fr\/index.php\/mentions-legales\/#webpage\",\"url\":\"http:\/\/proxcycle.fr\/index.php\/mentions-legales\/\",\"name\":\"Proxcycle - Mentions l\\u00e9gales\",\"isPartOf\":{\"@id\":\"https:\/\/proxcycle.fr\/#website\"},\"datePublished\":\"2020-06-23T20:01:49+00:00\",\"dateModified\":\"2020-08-31T14:49:28+00:00\",\"description\":\"R\\u00e9paration et entretien de cycles sur le lieu de votre choix dans un rayon de 40km autour de St Aubin du Cormier. Profitez du confort du service \\u00e0 domicile.\",\"inLanguage\":\"en-US\",\"potentialAction\":[{\"@type\":\"ReadAction\",\"target\":[\"http:\/\/proxcycle.fr\/index.php\/mentions-legales\/\"]}]}]}<\/script>\n<!-- \/ Yoast SEO plugin. -->","_links":{"self":[{"href":"https:\/\/proxcycle.fr\/index.php\/wp-json\/wp\/v2\/pages\/102"}],"collection":[{"href":"https:\/\/proxcycle.fr\/index.php\/wp-json\/wp\/v2\/pages"}],"about":[{"href":"https:\/\/proxcycle.fr\/index.php\/wp-json\/wp\/v2\/types\/page"}],"author":[{"embeddable":true,"href":"https:\/\/proxcycle.fr\/index.php\/wp-json\/wp\/v2\/users\/2"}],"replies":[{"embeddable":true,"href":"https:\/\/proxcycle.fr\/index.php\/wp-json\/wp\/v2\/comments?post=102"}],"version-history":[{"count":9,"href":"https:\/\/proxcycle.fr\/index.php\/wp-json\/wp\/v2\/pages\/102\/revisions"}],"predecessor-version":[{"id":362,"href":"https:\/\/proxcycle.fr\/index.php\/wp-json\/wp\/v2\/pages\/102\/revisions\/362"}],"wp:attachment":[{"href":"https:\/\/proxcycle.fr\/index.php\/wp-json\/wp\/v2\/media?parent=102"}],"curies":[{"name":"wp","href":"https:\/\/api.w.org\/{rel}","templated":true}]}}